{"id":431,"date":"2024-09-25T02:20:01","date_gmt":"2024-09-25T02:20:01","guid":{"rendered":"https:\/\/jgswm.es\/?page_id=431"},"modified":"2025-07-24T05:25:24","modified_gmt":"2025-07-24T05:25:24","slug":"politica-de-privacidad","status":"publish","type":"page","link":"https:\/\/jgswm.es\/?page_id=431","title":{"rendered":"Pol\u00edtica de privacidad"},"content":{"rendered":"<style>.elementor-431 .elementor-element.elementor-element-3dce6ea{--display:flex;--flex-direction:column;--container-widget-width:100%;--container-widget-height:initial;--container-widget-flex-grow:0;--container-widget-align-self:initial;--flex-wrap-mobile:wrap;--padding-top:50px;--padding-bottom:100px;--padding-left:50px;--padding-right:50px;}.elementor-431 .elementor-element.elementor-element-92324b6{text-align:center;}.elementor-431 .elementor-element.elementor-element-92324b6 .elementor-heading-title{font-family:\"Catamaran\", Sans-serif;font-size:55px;font-weight:800;text-transform:none;line-height:1.2em;color:var( --e-global-color-secondary );}@media(max-width:1024px){.elementor-431 .elementor-element.elementor-element-3dce6ea{--padding-top:20px;--padding-bottom:100px;--padding-left:20px;--padding-right:20px;}}@media(max-width:767px){.elementor-431 .elementor-element.elementor-element-3dce6ea{--padding-top:20px;--padding-bottom:100px;--padding-left:20px;--padding-right:20px;}.elementor-431 .elementor-element.elementor-element-92324b6 .elementor-heading-title{font-size:30px;}}<\/style>\t\t<div data-elementor-type=\"wp-page\" data-elementor-id=\"431\" class=\"elementor elementor-431\">\n\t\t\t\t<div class=\"elementor-element elementor-element-3dce6ea e-flex e-con-boxed e-con e-parent\" data-id=\"3dce6ea\" data-element_type=\"container\">\n\t\t\t\t\t<div class=\"e-con-inner\">\n\t\t\t\t<div class=\"elementor-element elementor-element-92324b6 elementor-widget elementor-widget-heading\" data-id=\"92324b6\" data-element_type=\"widget\" data-widget_type=\"heading.default\">\n\t\t\t\t<div class=\"elementor-widget-container\">\n\t\t\t\t\t<h2 class=\"elementor-heading-title elementor-size-default\">Pol\u00edtica de privacidad<\/h2>\t\t\t\t<\/div>\n\t\t\t\t<\/div>\n\t\t\t\t<div class=\"elementor-element elementor-element-3c07a4e elementor-widget elementor-widget-text-editor\" data-id=\"3c07a4e\" data-element_type=\"widget\" data-widget_type=\"text-editor.default\">\n\t\t\t\t<div class=\"elementor-widget-container\">\n\t\t\t\t\t\t\t\t\t<p>E<i>sta pol\u00edtica de privacidad fu\u00e9 actualizada por \u00faltima vez en diciembre 1 de mayo, 2024 y es aplicada a los ciudadanos del Espacio Econ\u00f3mico Europeo (UE).<\/i><\/p><p>En esta declaraci\u00f3n de privacidad, explicamos lo que hacemos con los datos que obtenemos sobre usted a trav\u00e9s de <b data-var=\"DOMINIO\"><a href=\"https:\/\/ jgswm.es\" target=\"_blank\" rel=\"noopener\"> jgswm.es<\/a><\/b>. Le recomendamos qu\u00e9 lea atentamente esta declaraci\u00f3n. En nuestro procesamiento cumplimos con los requisitos de la legislaci\u00f3n de privacidad. Lo que significa, entre otras cosas, que:<\/p><ul><li aria-level=\"1\">Indicamos claramente los fines para los que procesamos los datos personales. Hacemos esto por medio de esta declaraci\u00f3n de privacidad.<\/li><li aria-level=\"1\">Nuestro objetivo es limitar nuestra recopilaci\u00f3n de datos personales a los datos personales necesarios para fines leg\u00edtimos.<\/li><li aria-level=\"1\">En primer lugar, solicitamos su consentimiento expl\u00edcito para el tratamiento de sus datos personales en los casos en que sea necesario.<\/li><li aria-level=\"1\">tomamos las medidas de seguridad adecuadas para proteger sus datos personales y tambi\u00e9n se lo exigimos a las partes que procesan datos personales en nuestro nombre;<\/li><li aria-level=\"1\">respetamos su derecho a acceder, rectificar o cancelar sus datos personales previa solicitud.<\/li><\/ul><p>Si tiene alguna pregunta o desea saber exactamente qu\u00e9 datos sobre usted guardamos, p\u00f3ngase en contacto con nosotros.<\/p><h4>1. Prop\u00f3sito, datos y periodo de retenci\u00f3n<\/h4><p>1.1 Contacto \u2013 Por tel\u00e9fono, correo, correo electr\u00f3nico y\/o formularios en el sitio. Retendremos los datos hasta que el servicio sea cancelado.<\/p><p>1.2 Para poder cumplir con las obligaciones legales. Retendremos los datos hasta que el servicio sea cancelado.<\/p><p>1.3 Recopilaci\u00f3n y an\u00e1lisis de estad\u00edsticas para la mejora del sitio web. Retendremos los datos hasta que el servicio sea cancelado.<\/p><h4>2. Compartir con otras partes<\/h4><p>S\u00f3lo compartimos o divulgamos estos datos a los procesadores para los siguientes prop\u00f3sitos:<\/p><p>Procesadores de datos.<\/p><p><b>Nombre:<\/b> <a href=\"https:\/\/xpandex.es\/\">Xpandex<br \/><\/a><b>Pa\u00eds:<\/b> Espa\u00f1a<br \/><b>Prop\u00f3sito:<\/b> Desarrollo y mantenimiento Web<\/p><h4>3. Cookies<\/h4><p>Nuestro sitio web utiliza cookies. Para m\u00e1s informaci\u00f3n acerca de las cookies, por favor refi\u00e9rase a nuestra Declaraci\u00f3n de Pol\u00edtica de Cookies.Tenemos un acuerdo de procesamiento de datos con Google.<\/p><h4>4. Seguridad<\/h4><p>Estamos comprometidos con la seguridad de los datos personales. Tomamos las medidas de seguridad adecuadas para limitar el abuso y el acceso no autorizado a los datos personales. Esto asegura que s\u00f3lo las personas necesarias tengan acceso a sus datos, que el acceso a los datos est\u00e9 protegido y que nuestras medidas de seguridad sean revisadas regularmente.<\/p><h4>5. Sitios web de terceros<\/h4><p>Esta declaraci\u00f3n de privacidad no se aplica a los sitios web de terceros conectados mediante enlaces en nuestro sitio web. No podemos garantizar que estas terceras partes manejen sus datos personales de forma fiable o segura. Le recomendamos que lea las declaraciones de privacidad de estos sitios web antes de utilizarlos.<\/p><h4>6. Privacidad y referencia a la declaraci\u00f3n de privacidad<\/h4><p>Nos reservamos el derecho de hacer enmiendas a esta declaraci\u00f3n de privacidad. Se recomienda que consulte esta declaraci\u00f3n de privacidad regularmente para estar al tanto de cualquier cambio. Adem\u00e1s, le informaremos activamente siempre que sea posible.<\/p><h4>7. Acceso y modificaci\u00f3n de sus datos<\/h4><p>Si tiene alguna pregunta o desea saber qu\u00e9 datos personales tenemos sobre usted, p\u00f3ngase en contacto con nosotros. Puede ponerse en contacto con nosotros utilizando la siguiente informaci\u00f3n. Usted tiene los siguientes derechos:<\/p><ul><li aria-level=\"1\">Usted tiene derecho a saber por qu\u00e9 se necesitan sus datos personales, qu\u00e9 suceder\u00e1 con ellos y durante cu\u00e1nto tiempo se conservar\u00e1n.<\/li><li aria-level=\"1\">Derecho de acceso: Tiene derecho a acceder a los datos personales que conocemos sobre usted.<\/li><li aria-level=\"1\">Derecho de rectificaci\u00f3n: tiene derecho a completar, rectificar, borrar o bloquear sus datos personales cuando lo desee.<\/li><li aria-level=\"1\">Si usted nos da su consentimiento para procesar sus datos, tiene derecho a revocar dicho consentimiento y a que se eliminen sus datos personales.<\/li><li aria-level=\"1\">Derecho de cesi\u00f3n de sus datos: tiene derecho a solicitar todos sus datos personales al controlador y a transferirlos \u00edntegramente a otro controlador.<\/li><li aria-level=\"1\">Derecho de oposici\u00f3n: usted puede oponerse al tratamiento de sus datos. Nosotros cumplimos con esto, a menos que existan motivos justificados para el procesamiento.<\/li><\/ul><p>Por favor, aseg\u00farese de indicar siempre claramente qui\u00e9n es usted, para que podamos estar seguros de que no modificamos o eliminamos ning\u00fan dato de la persona equivocada.<\/p><h4>8. Enviando una queja<\/h4><p>Si no est\u00e1 satisfecho con la forma en que tratamos o procesamos sus datos personales, tiene derecho a presentar una queja a la Autoridad de Protecci\u00f3n de Datos.<\/p><h4>9. Responsable de la protecci\u00f3n de datos<\/h4><p>Nuestro Responsable de la Protecci\u00f3n de Datos ha sido registrado ante la autoridad de protecci\u00f3n de datos de un Estado miembro de la UE. Si tiene alguna pregunta o solicitud con respecto a esta declaraci\u00f3n de privacidad o para el Responsable de la Protecci\u00f3n de Datos, puede ponerse en contacto con <b data-var=\"NOMBRE\">JACOBO GONZALEZ SANTIAGO MOLINA<\/b>, a trav\u00e9s de o <b data-var=\"EMAIL\">info@jgswm.es<\/b><\/p><h4>10. Detalles de contacto<\/h4><p><b data-var=\"NOMBRE\">JACOBO GONZALEZ SANTIAGO MOLINA<\/b><\/p><p><b data-var=\"UBICACI\u00d3N\">CALLE GAZTAMBIDE 33 3\u00baE, 28015, MADRID<\/b><\/p><p>Sitio web: <b data-var=\"DOMINIO\"><a href=\"https:\/\/ jgswm.es\" target=\"_blank\" rel=\"noopener\"> jgswm.es<\/a><\/b><\/p><p>Correo: <b data-var=\"EMAIL\">info@jgswm.es<\/b><br \/>N\u00famero de tel\u00e9fono: <b data-var=\"MOVIL\">+34666449139<\/b><\/p>\t\t\t\t\t\t\t\t<\/div>\n\t\t\t\t<\/div>\n\t\t\t\t\t<\/div>\n\t\t\t\t<\/div>\n\t\t\t\t<\/div>\n\t\t","protected":false},"excerpt":{"rendered":"<p>Pol\u00edtica de privacidad Esta pol\u00edtica de privacidad fu\u00e9 actualizada por \u00faltima vez en diciembre 1 de mayo, 2024 y es aplicada a los ciudadanos del Espacio Econ\u00f3mico Europeo (UE). En esta declaraci\u00f3n de privacidad, explicamos lo que hacemos con los datos que obtenemos sobre usted a trav\u00e9s de jgswm.es. Le recomendamos qu\u00e9 lea atentamente esta [&hellip;]<\/p>\n","protected":false},"author":2,"featured_media":0,"parent":0,"menu_order":0,"comment_status":"closed","ping_status":"closed","template":"elementor_header_footer","meta":{"footnotes":""},"class_list":["post-431","page","type-page","status-publish","hentry"],"yoast_head":"<!-- This site is optimized with the Yoast SEO plugin v25.9 - https:\/\/yoast.com\/wordpress\/plugins\/seo\/ -->\n<title>Pol\u00edtica de privacidad - carlosrgzfinanciero.com<\/title>\n<meta name=\"robots\" content=\"noindex, follow\" \/>\n<meta property=\"og:locale\" content=\"es_ES\" \/>\n<meta property=\"og:type\" content=\"article\" \/>\n<meta property=\"og:title\" content=\"Pol\u00edtica de privacidad - carlosrgzfinanciero.com\" \/>\n<meta property=\"og:description\" content=\"Pol\u00edtica de privacidad Esta pol\u00edtica de privacidad fu\u00e9 actualizada por \u00faltima vez en diciembre 1 de mayo, 2024 y es aplicada a los ciudadanos del Espacio Econ\u00f3mico Europeo (UE). En esta declaraci\u00f3n de privacidad, explicamos lo que hacemos con los datos que obtenemos sobre usted a trav\u00e9s de jgswm.es. Le recomendamos qu\u00e9 lea atentamente esta [&hellip;]\" \/>\n<meta property=\"og:url\" content=\"https:\/\/jgswm.es\/?page_id=431\" \/>\n<meta property=\"og:site_name\" content=\"carlosrgzfinanciero.com\" \/>\n<meta property=\"article:modified_time\" content=\"2025-07-24T05:25:24+00:00\" \/>\n<meta name=\"twitter:card\" content=\"summary_large_image\" \/>\n<meta name=\"twitter:label1\" content=\"Tiempo de lectura\" \/>\n\t<meta name=\"twitter:data1\" content=\"4 minutos\" \/>\n<script type=\"application\/ld+json\" class=\"yoast-schema-graph\">{\"@context\":\"https:\/\/schema.org\",\"@graph\":[{\"@type\":\"WebPage\",\"@id\":\"https:\/\/jgswm.es\/?page_id=431\",\"url\":\"https:\/\/jgswm.es\/?page_id=431\",\"name\":\"Pol\u00edtica de privacidad - carlosrgzfinanciero.com\",\"isPartOf\":{\"@id\":\"https:\/\/jgswm.es\/#website\"},\"datePublished\":\"2024-09-25T02:20:01+00:00\",\"dateModified\":\"2025-07-24T05:25:24+00:00\",\"breadcrumb\":{\"@id\":\"https:\/\/jgswm.es\/?page_id=431#breadcrumb\"},\"inLanguage\":\"es\",\"potentialAction\":[{\"@type\":\"ReadAction\",\"target\":[\"https:\/\/jgswm.es\/?page_id=431\"]}]},{\"@type\":\"BreadcrumbList\",\"@id\":\"https:\/\/jgswm.es\/?page_id=431#breadcrumb\",\"itemListElement\":[{\"@type\":\"ListItem\",\"position\":1,\"name\":\"Portada\",\"item\":\"https:\/\/jgswm.es\/\"},{\"@type\":\"ListItem\",\"position\":2,\"name\":\"Pol\u00edtica de privacidad\"}]},{\"@type\":\"WebSite\",\"@id\":\"https:\/\/jgswm.es\/#website\",\"url\":\"https:\/\/jgswm.es\/\",\"name\":\"carlosrgzfinanciero.com\",\"description\":\"\",\"potentialAction\":[{\"@type\":\"SearchAction\",\"target\":{\"@type\":\"EntryPoint\",\"urlTemplate\":\"https:\/\/jgswm.es\/?s={search_term_string}\"},\"query-input\":{\"@type\":\"PropertyValueSpecification\",\"valueRequired\":true,\"valueName\":\"search_term_string\"}}],\"inLanguage\":\"es\"}]}<\/script>\n<!-- \/ Yoast SEO plugin. -->","yoast_head_json":{"title":"Pol\u00edtica de privacidad - carlosrgzfinanciero.com","robots":{"index":"noindex","follow":"follow"},"og_locale":"es_ES","og_type":"article","og_title":"Pol\u00edtica de privacidad - carlosrgzfinanciero.com","og_description":"Pol\u00edtica de privacidad Esta pol\u00edtica de privacidad fu\u00e9 actualizada por \u00faltima vez en diciembre 1 de mayo, 2024 y es aplicada a los ciudadanos del Espacio Econ\u00f3mico Europeo (UE). En esta declaraci\u00f3n de privacidad, explicamos lo que hacemos con los datos que obtenemos sobre usted a trav\u00e9s de jgswm.es. Le recomendamos qu\u00e9 lea atentamente esta [&hellip;]","og_url":"https:\/\/jgswm.es\/?page_id=431","og_site_name":"carlosrgzfinanciero.com","article_modified_time":"2025-07-24T05:25:24+00:00","twitter_card":"summary_large_image","twitter_misc":{"Tiempo de lectura":"4 minutos"},"schema":{"@context":"https:\/\/schema.org","@graph":[{"@type":"WebPage","@id":"https:\/\/jgswm.es\/?page_id=431","url":"https:\/\/jgswm.es\/?page_id=431","name":"Pol\u00edtica de privacidad - carlosrgzfinanciero.com","isPartOf":{"@id":"https:\/\/jgswm.es\/#website"},"datePublished":"2024-09-25T02:20:01+00:00","dateModified":"2025-07-24T05:25:24+00:00","breadcrumb":{"@id":"https:\/\/jgswm.es\/?page_id=431#breadcrumb"},"inLanguage":"es","potentialAction":[{"@type":"ReadAction","target":["https:\/\/jgswm.es\/?page_id=431"]}]},{"@type":"BreadcrumbList","@id":"https:\/\/jgswm.es\/?page_id=431#breadcrumb","itemListElement":[{"@type":"ListItem","position":1,"name":"Portada","item":"https:\/\/jgswm.es\/"},{"@type":"ListItem","position":2,"name":"Pol\u00edtica de privacidad"}]},{"@type":"WebSite","@id":"https:\/\/jgswm.es\/#website","url":"https:\/\/jgswm.es\/","name":"carlosrgzfinanciero.com","description":"","potentialAction":[{"@type":"SearchAction","target":{"@type":"EntryPoint","urlTemplate":"https:\/\/jgswm.es\/?s={search_term_string}"},"query-input":{"@type":"PropertyValueSpecification","valueRequired":true,"valueName":"search_term_string"}}],"inLanguage":"es"}]}},"_links":{"self":[{"href":"https:\/\/jgswm.es\/index.php?rest_route=\/wp\/v2\/pages\/431","targetHints":{"allow":["GET"]}}],"collection":[{"href":"https:\/\/jgswm.es\/index.php?rest_route=\/wp\/v2\/pages"}],"about":[{"href":"https:\/\/jgswm.es\/index.php?rest_route=\/wp\/v2\/types\/page"}],"author":[{"embeddable":true,"href":"https:\/\/jgswm.es\/index.php?rest_route=\/wp\/v2\/users\/2"}],"replies":[{"embeddable":true,"href":"https:\/\/jgswm.es\/index.php?rest_route=%2Fwp%2Fv2%2Fcomments&post=431"}],"version-history":[{"count":11,"href":"https:\/\/jgswm.es\/index.php?rest_route=\/wp\/v2\/pages\/431\/revisions"}],"predecessor-version":[{"id":1028,"href":"https:\/\/jgswm.es\/index.php?rest_route=\/wp\/v2\/pages\/431\/revisions\/1028"}],"wp:attachment":[{"href":"https:\/\/jgswm.es\/index.php?rest_route=%2Fwp%2Fv2%2Fmedia&parent=431"}],"curies":[{"name":"wp","href":"https:\/\/api.w.org\/{rel}","templated":true}]}}